{"id":987796,"date":"2023-05-16T20:25:00","date_gmt":"2023-05-16T20:25:00","guid":{"rendered":"https:\/\/www.esta-rotterdam.com\/?page_id=987796"},"modified":"2023-05-16T21:05:37","modified_gmt":"2023-05-16T21:05:37","slug":"bestemmingen","status":"publish","type":"page","link":"https:\/\/www.esta-rotterdam.com\/en\/bestemmingen\/","title":{"rendered":"Destinations"},"content":{"rendered":"<div class=\"vgblk-rw-wrapper limit-wrapper\">\r\n<h2>International <b> bestemmingen<\/b><\/h2>\r\n<h5>Road Transport to Germany<\/h5>\r\n<h5>Wegtransport naar Polen<\/h5>\r\n<h5>Road Transport to the Scandinavian countries (Denmark, Sweden, Norway &amp; Finland)<\/h5>\r\n<h5>Road Transport to France<\/h5>\r\n<h5>Road Transport to Spain<\/h5>\r\n<h5>Road Transport to Portugal<\/h5>\r\n<h5>Road Transport to Austria<\/h5>\r\n<h5>Road Transport to Zwitserland<\/h5>\r\n<h5>Road Transport to Great Britain<\/h5>\r\n<h5>Road Transport to Italy<\/h5>\r\n<h5>Road Transport to the Baltic states<\/h5>\r\n<h5>Road Transport to Ireland<\/h5>\r\n<h5>Road Transport to the Czech Republic<\/h5>\r\n<h5>Road Transport to Romania<\/h5>\r\n<h5>Road Transport to Croatia<\/h5>\r\n<h5>Road Transport Greece<\/h5>\r\n<h5>Road Transport to Turkey<\/h5>\r\n<h5>Road Transport to Hungary<\/h5>\r\n<\/div><!-- .vgblk-rw-wrapper -->","protected":false},"excerpt":{"rendered":"<p>Internationale bestemmingen Wegtransport naar Duitsland Wegtransport naar Polen Wegtransport naar de Scandinavische landen (Denemarken, Zweden, Noorwegen &amp; Finland) Wegtransport naar Frankrijk Wegtransport naar Spanje Wegtransport naar Portugal Wegtransport naar Oostenrijk Wegtransport naar Zwitserland Wegtransport naar Groot-Brittanni\u00eb Wegtransport naar Itali\u00eb Wegtransport naar de Baltische Staten Wegtransport naar Ierland Wegtransport naar Tsjechi\u00eb Wegtransport naar Roemeni\u00eb Wegtransport naar&#8230;<\/p>","protected":false},"author":1,"featured_media":0,"parent":0,"menu_order":0,"comment_status":"closed","ping_status":"closed","template":"","meta":{"inline_featured_image":false,"footnotes":""},"class_list":["post-987796","page","type-page","status-publish","hentry"],"_links":{"self":[{"href":"https:\/\/www.esta-rotterdam.com\/en\/wp-json\/wp\/v2\/pages\/987796"}],"collection":[{"href":"https:\/\/www.esta-rotterdam.com\/en\/wp-json\/wp\/v2\/pages"}],"about":[{"href":"https:\/\/www.esta-rotterdam.com\/en\/wp-json\/wp\/v2\/types\/page"}],"author":[{"embeddable":true,"href":"https:\/\/www.esta-rotterdam.com\/en\/wp-json\/wp\/v2\/users\/1"}],"replies":[{"embeddable":true,"href":"https:\/\/www.esta-rotterdam.com\/en\/wp-json\/wp\/v2\/comments?post=987796"}],"version-history":[{"count":3,"href":"https:\/\/www.esta-rotterdam.com\/en\/wp-json\/wp\/v2\/pages\/987796\/revisions"}],"predecessor-version":[{"id":987801,"href":"https:\/\/www.esta-rotterdam.com\/en\/wp-json\/wp\/v2\/pages\/987796\/revisions\/987801"}],"wp:attachment":[{"href":"https:\/\/www.esta-rotterdam.com\/en\/wp-json\/wp\/v2\/media?parent=987796"}],"curies":[{"name":"wp","href":"https:\/\/api.w.org\/{rel}","templated":true}]}}